{"id":14,"date":"2014-10-02T11:35:38","date_gmt":"2014-10-02T09:35:38","guid":{"rendered":"http:\/\/feuerwehr-binzen.de\/?page_id=14"},"modified":"2025-05-21T21:44:14","modified_gmt":"2025-05-21T19:44:14","slug":"fahrzeuge","status":"publish","type":"page","link":"http:\/\/feuerwehr-binzen.de\/?page_id=14","title":{"rendered":"Fahrzeuge"},"content":{"rendered":"<p><a href=\"\/wp-content\/themes\/feuerwehr\/images\/webAll.jpg\"><br \/>\n<img decoding=\"async\" src=\"\/wp-content\/themes\/feuerwehr\/images\/webAll.jpg\" \/><br \/>\n<\/a><\/p>\n<p>Auf dieser Seite finden Sie Informationen zu unseren vier Einsatzfahrzeugen<\/p>\n<h2>STLF (Binzen 40)<\/h2>\n<div id=\"pictureEngine\"><a href=\"\/wp-content\/themes\/feuerwehr\/images\/webStlf.jpg\"><img decoding=\"async\" src=\"\/wp-content\/themes\/feuerwehr\/images\/webStlf.jpg\" \/><\/a><\/div>\n<div id=\"infoEngine\">\n<table>\n<tbody>\n<tr>\n<td>Besatzung:<\/td>\n<td>6 Personen (Staffel)<\/td>\n<\/tr>\n<tr>\n<td>Wasservorrat:<\/td>\n<td>800 L<\/td>\n<\/tr>\n<tr>\n<td>Pumpenleistung:<\/td>\n<td>1&#8217;000 L \/ Min<\/td>\n<\/tr>\n<tr>\n<td>Baujahr:<\/td>\n<td>2009<\/td>\n<\/tr>\n<tr>\n<td>Zul. Gesamtgew.<\/td>\n<td>7,49t<\/td>\n<\/tr>\n<tr>\n<td>Fahrgestell<\/td>\n<td>MAN TGL 8.180<\/td>\n<\/tr>\n<tr>\n<td>Hersteller<\/td>\n<td>Ziegler<\/td>\n<\/tr>\n<tr>\n<td>Einsatzzweck:<\/td>\n<td>L\u00f6schfahrzeug, besonders tags\u00fcber Erstfahrzeug beim Brandeinsatz und zur einfachen technischen Hilfeleistung.<\/td>\n<\/tr>\n<tr>\n<td>Ausr\u00fcstung<\/td>\n<td>Gruppenbeladung zur Brandbek\u00e4mpfung, Atemschutzger\u00e4te, Elektrol\u00fcfter, Schaumgarnitur S2, 4-teilige Steckleiter, Kettens\u00e4ge, \u00d6lbindemittel, Leitungsroller, Dynawattanlage, pneumatischer Lichtmast, Hygienebordwand.<\/td>\n<\/tr>\n<\/tbody>\n<\/table>\n<\/div>\n<h2>HLF 10 (Binzen 43)<\/h2>\n<div id=\"pictureEngine\"><a href=\"\/wp-content\/themes\/feuerwehr\/images\/webStlf.jpg\"><img decoding=\"async\" src=\"\/wp-content\/uploads\/2025\/05\/IMG_0911.jpg\" \/><\/a><\/div>\n<div id=\"pictureEngine\"><\/div>\n<div id=\"infoEngine\">\n<table>\n<tbody>\n<tr>\n<td>Besatzung:<\/td>\n<td>9 Personen (Gruppe)<\/td>\n<\/tr>\n<tr>\n<td>Wasservorrat:<\/td>\n<td>2&#8217;000 L<\/td>\n<\/tr>\n<tr>\n<td>Schaummittelvorrat:<\/td>\n<td>120 L<\/td>\n<\/tr>\n<tr>\n<td>Pumpenleistung:<\/td>\n<td>3&#8217;500 L \/ Min<\/td>\n<\/tr>\n<tr>\n<td>Baujahr:<\/td>\n<td>2022<\/td>\n<\/tr>\n<tr>\n<td>Zul. Gesamtgew.<\/td>\n<td>14t<\/td>\n<\/tr>\n<tr>\n<td>Fahrgestell<\/td>\n<td>Mercedes Benz Atego 1530<\/td>\n<\/tr>\n<tr>\n<td>Hersteller<\/td>\n<td>Rosenbauer<\/td>\n<\/tr>\n<tr>\n<td>Einsatzzweck:<\/td>\n<td>Erstfahrzeug beim Ausr\u00fccken. Einsatz zur Menschen- und Tierrettung aus lebensbedrohlichen Lagen. Danach zur Bek\u00e4mpfung von Feuern oder technischer Hilfeleistung.<\/td>\n<\/tr>\n<tr>\n<td>Ausr\u00fcstung<\/td>\n<td>Rettungssatz (Verkehrsunf\u00e4lle), 2 Leitern, Schaummittel, Sprungretter, Hebekissen, L\u00fcfter, 4 Atemschutzger\u00e4te und Ersatzflaschen, Stromgenerator, Kettens\u00e4ge, diverse Schl\u00e4uche, etc.<\/td>\n<\/tr>\n<\/tbody>\n<\/table>\n<\/div>\n<h2>Transportfahrzeug GW-T (Binzen 74)<\/h2>\n<div id=\"pictureEngine\"><a href=\"\/wp-content\/themes\/feuerwehr\/images\/webGwt.jpg\"><img decoding=\"async\" src=\"\/wp-content\/themes\/feuerwehr\/images\/webGwt.jpg\" \/><\/a><\/div>\n<div id=\"infoEngine\">\n<table>\n<tbody>\n<tr>\n<td>Besatzung:<\/td>\n<td>7 Personen<\/td>\n<\/tr>\n<tr>\n<td>Wasservorrat:<\/td>\n<td>&#8212;-<\/td>\n<\/tr>\n<tr>\n<td>Pumpenleistung:<\/td>\n<td>&#8212;-<\/td>\n<\/tr>\n<tr>\n<td>Baujahr:<\/td>\n<td>2008<\/td>\n<\/tr>\n<tr>\n<td>Zul. Gesamtgew.<\/td>\n<td>5t<\/td>\n<\/tr>\n<tr>\n<td>Fahrgestell<\/td>\n<td>Mercedes Benz Sprinter<\/td>\n<\/tr>\n<tr>\n<td>Hersteller<\/td>\n<td>Maise<\/td>\n<\/tr>\n<tr>\n<td>Einsatzzweck:<\/td>\n<td>Vielzweck Einsatz- und Transportfahrzeug mit Ladebordwand.<\/td>\n<\/tr>\n<tr>\n<td>Ausr\u00fcstung<\/td>\n<td>2m und 4m Funk; variable Beladung mit Roll-Containern f\u00fcr Wasserf\u00f6rderung, Wassernot, \u00d6lspur, Atemschutz, Beleuchtung.<\/td>\n<\/tr>\n<\/tbody>\n<\/table>\n<\/div>\n<h2>Mannschaftstransportwagen MTW (Binzen 19)<\/h2>\n<div id=\"pictureEngine\"><a href=\"\/wp-content\/themes\/feuerwehr\/images\/webMtw.jpg\"><img decoding=\"async\" src=\"\/wp-content\/themes\/feuerwehr\/images\/webMtw.jpg\" \/><\/a><\/div>\n<div id=\"infoEngine\">\n<table>\n<tbody>\n<tr>\n<td>Besatzung:<\/td>\n<td>8 Personen<\/td>\n<\/tr>\n<tr>\n<td>Wasservorrat:<\/td>\n<td>&#8212;-<\/td>\n<\/tr>\n<tr>\n<td>Pumpenleistung:<\/td>\n<td>&#8212;-<\/td>\n<\/tr>\n<tr>\n<td>Baujahr:<\/td>\n<td>2013<\/td>\n<\/tr>\n<tr>\n<td>Zul. Gesamtgew.<\/td>\n<td>3,2t<\/td>\n<\/tr>\n<tr>\n<td>Fahrgestell<\/td>\n<td>Mercedes Benz Vito<\/td>\n<\/tr>\n<tr>\n<td>Hersteller<\/td>\n<td>Maise<\/td>\n<\/tr>\n<tr>\n<td>Einsatzzweck:<\/td>\n<td>Einsatzleitfahrzeug f\u00fcr das Kommando. Allgemeines Transportfahrzeug.<\/td>\n<\/tr>\n<tr>\n<td>Ausr\u00fcstung<\/td>\n<td>2m und 4m Funk, je nach Bedarf \u00d6lbindemittel, S\u00e4gen, etc.<\/td>\n<\/tr>\n<\/tbody>\n<\/table>\n<\/div>\n","protected":false},"excerpt":{"rendered":"<p>Auf dieser Seite finden Sie Informationen zu unseren vier Einsatzfahrzeugen STLF (Binzen 40) Besatzung: 6 Personen (Staffel) Wasservorrat: 800 L Pumpenleistung: 1&#8217;000 L \/ Min Baujahr: 2009 Zul. Gesamtgew. 7,49t Fahrgestell MAN TGL 8.180 Hersteller Ziegler Einsatzzweck: L\u00f6schfahrzeug, besonders tags\u00fcber Erstfahrzeug beim Brandeinsatz und zur einfachen technischen Hilfeleistung. Ausr\u00fcstung Gruppenbeladung zur Brandbek\u00e4mpfung, Atemschutzger\u00e4te, Elektrol\u00fcfter, Schaumgarnitur [&hellip;]<\/p>\n","protected":false},"author":1,"featured_media":0,"parent":10,"menu_order":0,"comment_status":"closed","ping_status":"closed","template":"","meta":{"footnotes":""},"class_list":["post-14","page","type-page","status-publish","hentry"],"_links":{"self":[{"href":"http:\/\/feuerwehr-binzen.de\/index.php?rest_route=\/wp\/v2\/pages\/14","targetHints":{"allow":["GET"]}}],"collection":[{"href":"http:\/\/feuerwehr-binzen.de\/index.php?rest_route=\/wp\/v2\/pages"}],"about":[{"href":"http:\/\/feuerwehr-binzen.de\/index.php?rest_route=\/wp\/v2\/types\/page"}],"author":[{"embeddable":true,"href":"http:\/\/feuerwehr-binzen.de\/index.php?rest_route=\/wp\/v2\/users\/1"}],"replies":[{"embeddable":true,"href":"http:\/\/feuerwehr-binzen.de\/index.php?rest_route=%2Fwp%2Fv2%2Fcomments&post=14"}],"version-history":[{"count":12,"href":"http:\/\/feuerwehr-binzen.de\/index.php?rest_route=\/wp\/v2\/pages\/14\/revisions"}],"predecessor-version":[{"id":953,"href":"http:\/\/feuerwehr-binzen.de\/index.php?rest_route=\/wp\/v2\/pages\/14\/revisions\/953"}],"up":[{"embeddable":true,"href":"http:\/\/feuerwehr-binzen.de\/index.php?rest_route=\/wp\/v2\/pages\/10"}],"wp:attachment":[{"href":"http:\/\/feuerwehr-binzen.de\/index.php?rest_route=%2Fwp%2Fv2%2Fmedia&parent=14"}],"curies":[{"name":"wp","href":"https:\/\/api.w.org\/{rel}","templated":true}]}}