{"id":16,"date":"2014-10-02T11:35:58","date_gmt":"2014-10-02T09:35:58","guid":{"rendered":"http:\/\/feuerwehr-binzen.de\/?page_id=16"},"modified":"2017-02-22T21:32:27","modified_gmt":"2017-02-22T20:32:27","slug":"geraetehaus","status":"publish","type":"page","link":"http:\/\/feuerwehr-binzen.de\/?page_id=16","title":{"rendered":"Ger\u00e4tehaus"},"content":{"rendered":"<p><a href=\"\/wp-content\/themes\/feuerwehr\/images\/webGereatehaus.jpg\"><img loading=\"lazy\" decoding=\"async\" src=\"\/wp-content\/themes\/feuerwehr\/images\/webGereatehaus.jpg\" alt=\"Ger\u00e4tehaus\" width=\"576\" height=\"217\" \/><\/a><\/p>\n<p>Das moderne Ger\u00e4tehaus bietet Stellpl\u00e4tze mit Rolltoren f\u00fcr 3 Grossfahrzeuge und 2 Kleinfahrzeuge.<\/p>\n<p>Neben einem B\u00fcro und den Sanit\u00e4rinstallationen steht ein Ausbildungs- und Versammlungsraum mit angegliederter K\u00fcche zur Verf\u00fcgung.<\/p>\n<p>Der grosse Vorplatz wird f\u00fcr \u00dcbungen, Ausbildung, Wartung und Instandhaltung genutzt. Er bietet ausserdem ausreichend Abstellm\u00f6glichkeiten f\u00fcr die Privatfahrzeuge der Aktivmannschaft im Einsatzfall.<\/p>\n","protected":false},"excerpt":{"rendered":"<p>Das moderne Ger\u00e4tehaus bietet Stellpl\u00e4tze mit Rolltoren f\u00fcr 3 Grossfahrzeuge und 2 Kleinfahrzeuge. Neben einem B\u00fcro und den Sanit\u00e4rinstallationen steht ein Ausbildungs- und Versammlungsraum mit angegliederter K\u00fcche zur Verf\u00fcgung. Der grosse Vorplatz wird f\u00fcr \u00dcbungen, Ausbildung, Wartung und Instandhaltung genutzt. Er bietet ausserdem ausreichend Abstellm\u00f6glichkeiten f\u00fcr die Privatfahrzeuge der Aktivmannschaft im Einsatzfall.<\/p>\n","protected":false},"author":1,"featured_media":0,"parent":10,"menu_order":0,"comment_status":"closed","ping_status":"closed","template":"","meta":{"footnotes":""},"class_list":["post-16","page","type-page","status-publish","hentry"],"_links":{"self":[{"href":"http:\/\/feuerwehr-binzen.de\/index.php?rest_route=\/wp\/v2\/pages\/16","targetHints":{"allow":["GET"]}}],"collection":[{"href":"http:\/\/feuerwehr-binzen.de\/index.php?rest_route=\/wp\/v2\/pages"}],"about":[{"href":"http:\/\/feuerwehr-binzen.de\/index.php?rest_route=\/wp\/v2\/types\/page"}],"author":[{"embeddable":true,"href":"http:\/\/feuerwehr-binzen.de\/index.php?rest_route=\/wp\/v2\/users\/1"}],"replies":[{"embeddable":true,"href":"http:\/\/feuerwehr-binzen.de\/index.php?rest_route=%2Fwp%2Fv2%2Fcomments&post=16"}],"version-history":[{"count":10,"href":"http:\/\/feuerwehr-binzen.de\/index.php?rest_route=\/wp\/v2\/pages\/16\/revisions"}],"predecessor-version":[{"id":357,"href":"http:\/\/feuerwehr-binzen.de\/index.php?rest_route=\/wp\/v2\/pages\/16\/revisions\/357"}],"up":[{"embeddable":true,"href":"http:\/\/feuerwehr-binzen.de\/index.php?rest_route=\/wp\/v2\/pages\/10"}],"wp:attachment":[{"href":"http:\/\/feuerwehr-binzen.de\/index.php?rest_route=%2Fwp%2Fv2%2Fmedia&parent=16"}],"curies":[{"name":"wp","href":"https:\/\/api.w.org\/{rel}","templated":true}]}}