{"id":12,"date":"2014-10-02T11:35:08","date_gmt":"2014-10-02T09:35:08","guid":{"rendered":"http:\/\/feuerwehr-binzen.de\/?page_id=12"},"modified":"2017-01-03T13:51:01","modified_gmt":"2017-01-03T12:51:01","slug":"aktivmannschaft","status":"publish","type":"page","link":"https:\/\/feuerwehr-binzen.de\/?page_id=12","title":{"rendered":"Aktivmannschaft"},"content":{"rendered":"<p>Die Freiwillige Feuerwehr Binzen besteht derzeit aus 30 ehrenamtlichen M\u00e4nnern und Frauen aus der Gemeinde Binzen, welche in der Regel 25 mal im Jahr zu einem Einsatz ausr\u00fccken. Die Fortbildungen sowie \u00dcbungen findet in der Freizeit der Mitglieder statt und es findet keine finanzielle Entsch\u00e4digung f\u00fcr die geleistete Arbeit statt.<\/p>\n<p><a href=\"\/wp-content\/themes\/feuerwehr\/images\/webGroup.jpg\"><img decoding=\"async\" src=\"\/wp-content\/themes\/feuerwehr\/images\/webGroup.jpg\" alt=\"mGroup\" \/><\/a><\/p>\n<h2>Mannschaftsst\u00e4rke<\/h2>\n<p>\nDie Feuerwehr Binzen ist mit einer Mannschaftsst\u00e4rke von 30 Mitgliedern sehr gut aufgestellt. Auch k\u00f6nnen wir uns jedes Jahr \u00fcber neue \u00dcbernahmen in die Aktivmannschaft freuen. Diese neuen Mitglieder stammen nicht nur aus der eigenen Jugendfeuerwehr, sondern traten der Feuerwehr als Quereinsteiger bei. Dank unseres guten Ausbildungsprogramms und der Kameradschaft, konnten sie sich schnell integrieren.\n<\/p>\n<p>\nDurch das stetige Wachstum von Binzen und das somit steigende Gefahrenpotential, ist es uns wichtig die Personalst\u00e4rke weiter auszubauen. Nur so ist es uns m\u00f6glich unsere Aufgaben auch in Zukunft souver\u00e4n zu meistern. Erschwerend hinzu kommen anstehende altersbedingte Austritte in den n\u00e4chsten 2-3 Jahren.\n<\/p>\n<p>\nWenn Sie sich f\u00fcr unsere Arbeit interessieren oder der Feuerwehr beitreten m\u00f6chten, geben wir Ihnen an einem unserer \u00dcbungsabende gerne einen Einblick in unsere T\u00e4tigkeiten. Die Termine k\u00f6nnen Sie dem Gemeindeblatt entnehmen, in der Regel befinden sich fast jeden <b>Mittwoch ab 20:00 Uhr<\/b> Kameraden im Ger\u00e4tehaus.\n<\/p>\n<p>Wir freuen uns auf Ihren Besuch.<\/p>\n<h2>Alarmierung<\/h2>\n<p>Im Gegensatz zu einer Feuerwehr mit hauptamtlichen Kr\u00e4ften ist unser Ger\u00e4tehaus in der Regel nicht besetzt. Trotzdem erreichen Sie im Notfall zu jeder Tages- und Nachtzeit unter der <b>Notrufnummer 112<\/b> Hilfe. Diese Nummer verbindet Sie mit der Integrierten Leitstelle L\u00f6rrach, welche die Feuerwehr Binzen \u00fcber <a href=\"http:\/\/de.wikipedia.org\/wiki\/Funkmeldeempf%C3%A4nger\">digitale Funkmeldeempf\u00e4nger<\/a> alarmiert. Nach einer Alarmierung begeben sich die Mitglieder auf schnellstem Weg, von ihrem derzeitigen Aufenthaltsort (Arbeitsplatz, Zuhause,\u2026), in das Ger\u00e4tehaus in Binzen. Dort r\u00fcsten sie sich innerhalb k\u00fcrzester Zeit aus und r\u00fccken zum Einsatz aus. Durch dieses Konzept ist gew\u00e4hrleistet, dass an 365 Tagen im Jahr, 24 Stunden pro Tag, an jedem Ort innerhalb des Gemeindegebiets sp\u00e4testens innerhalb von 10 Minuten nach der Alarmierung ein L\u00f6schgruppenfahrzeug am Schadensort ist und mit den Rettungsarbeiten beginnt.<\/p>\n<h2>Aufgabengebiet<\/h2>\n<p>Die Aufgaben der Feuerwehr ergeben sich aus dem Feuerwehrgesetz. In \u00a7 2 ist festgelegt:<\/p>\n<ol>\n<li>\n<b>Retten<\/b><br \/>\nAbwendung einer Lebensgefahr von Menschen durch medizinische oder technische Rettungsma\u00dfnahmen.<\/p>\n<ul>\n<li>Rettung von bewusstlosen, verletzten oder eingeklemmten Personen aus Brandr\u00e4umen.<\/li>\n<li>Retten von eingeklemmten oder eingeschlossenen Personen bei Verkehrsunf\u00e4llen.<\/li>\n<\/ul>\n<\/li>\n<li>\n<b>L\u00f6schen<\/b><br \/>\nL\u00f6schen von Schadenfeuern (R\u00e4ume, Geb\u00e4ude, Fl\u00e4chen, etc.) und das Verhindern einer Brandausbreitung.\n<\/li>\n<li>\n<b>Bergen<\/b><br \/>\nBergen von Sachg\u00fctern, Tieren oder Verstorbenen.<\/p>\n<ul>\n<li>Beseitigung von \u00d6lspuren auf Fahrbahnen.<\/li>\n<li>Entfernung von B\u00e4umen und \u00c4sten bei Gef\u00e4hrdung nach Sturm oder Hagel.<\/li>\n<\/ul>\n<\/li>\n<li><b>Sch\u00fctzen<\/b><br \/>\nVorbeugender Brandschutz um die Entstehung von Schadenslagen zu verhindern.<\/p>\n<ul>\n<li>Sicherheitswachdienst bei gr\u00f6sseren Veranstaltungen (Zunftabende, Firmenfeiern).<\/li>\n<li>Brandschutzerziehung (Grundschule, Kindergarten)<\/li>\n<\/ul>\n<\/li>\n<\/ol>\n<h2>Ausbildung<\/h2>\n<p>Um f\u00fcr unsere Aufgaben ger\u00fcstet zu sein, finden regelm\u00e4\u00dfig \u00dcbungen statt, welche durch ausserordentliche \u00dcbungen\/Veranstaltungen erg\u00e4nzd werden:<\/p>\n<ul>\n<li>Fahrsicherheitstraining<\/li>\n<li>Hei\u00dfausbildungen<\/li>\n<li>Lehrg\u00e4nge<\/li>\n<li>Entwicklung von Einsatztaktiken<\/li>\n<\/ul>\n","protected":false},"excerpt":{"rendered":"<p>Die Freiwillige Feuerwehr Binzen besteht derzeit aus 30 ehrenamtlichen M\u00e4nnern und Frauen aus der Gemeinde Binzen, welche in der Regel 25 mal im Jahr zu einem Einsatz ausr\u00fccken. Die Fortbildungen sowie \u00dcbungen findet in der Freizeit der Mitglieder statt und es findet keine finanzielle Entsch\u00e4digung f\u00fcr die geleistete Arbeit statt. Mannschaftsst\u00e4rke Die Feuerwehr Binzen ist [&hellip;]<\/p>\n","protected":false},"author":1,"featured_media":0,"parent":10,"menu_order":0,"comment_status":"closed","ping_status":"closed","template":"","meta":{"footnotes":""},"class_list":["post-12","page","type-page","status-publish","hentry"],"_links":{"self":[{"href":"https:\/\/feuerwehr-binzen.de\/index.php?rest_route=\/wp\/v2\/pages\/12","targetHints":{"allow":["GET"]}}],"collection":[{"href":"https:\/\/feuerwehr-binzen.de\/index.php?rest_route=\/wp\/v2\/pages"}],"about":[{"href":"https:\/\/feuerwehr-binzen.de\/index.php?rest_route=\/wp\/v2\/types\/page"}],"author":[{"embeddable":true,"href":"https:\/\/feuerwehr-binzen.de\/index.php?rest_route=\/wp\/v2\/users\/1"}],"replies":[{"embeddable":true,"href":"https:\/\/feuerwehr-binzen.de\/index.php?rest_route=%2Fwp%2Fv2%2Fcomments&post=12"}],"version-history":[{"count":11,"href":"https:\/\/feuerwehr-binzen.de\/index.php?rest_route=\/wp\/v2\/pages\/12\/revisions"}],"predecessor-version":[{"id":224,"href":"https:\/\/feuerwehr-binzen.de\/index.php?rest_route=\/wp\/v2\/pages\/12\/revisions\/224"}],"up":[{"embeddable":true,"href":"https:\/\/feuerwehr-binzen.de\/index.php?rest_route=\/wp\/v2\/pages\/10"}],"wp:attachment":[{"href":"https:\/\/feuerwehr-binzen.de\/index.php?rest_route=%2Fwp%2Fv2%2Fmedia&parent=12"}],"curies":[{"name":"wp","href":"https:\/\/api.w.org\/{rel}","templated":true}]}}