{"id":206,"date":"2016-07-09T08:14:38","date_gmt":"2016-07-09T07:14:38","guid":{"rendered":"http:\/\/feuerwehr-binzen.de\/?page_id=206"},"modified":"2025-12-18T06:02:10","modified_gmt":"2025-12-18T05:02:10","slug":"jugendfeuerwehr","status":"publish","type":"page","link":"https:\/\/feuerwehr-binzen.de\/?page_id=206","title":{"rendered":"Jugendfeuerwehr"},"content":{"rendered":"\n<h2 class=\"wp-block-heading\">\u00dcber uns:<\/h2>\n\n\n\n<p>Die Jugendfeuerwehr Binzen wurde offiziell am 10.07.1991 durch die Initiative einiger Jugendlichen aus der Gemeinde, gemeinsam mit der Einsatzabteilung gegr\u00fcndet. Heutzutage gewinnen wir die meisten Einsatzkr\u00e4fte durch die \u00dcbernahme aus der eigenen Jugendfeuerwehr, weshalb die Jugendarbeit ein elementar wichtiger Baustein in der Feuerwehr ist. Unser Dienstplan ist bunt gemischt und deckt die Felder Spiel, Spa\u00df und Spannung ab. Der Schwerpunkt liegt nat\u00fcrlich in der feuerwehrspezifischen Ausbildung. Dabei werden Abl\u00e4ufe u.a. f\u00fcr die Brandbek\u00e4mpfung oder technischen Hilfeleistung altersgerecht und auf spielerische Weise ge\u00fcbt. Au\u00dferdem d\u00fcrfen Ausfl\u00fcge wie ins Impulsiv (Klettern oder Fu\u00dfball spielen), Eis essen, Teilnahme an Spielel\u00e4ufen und vieles mehr nicht fehlen! Alle 2 Jahre findet zudem ein Kreiszeltlager mit allen Jugendfeuerwehren aus dem Landkreis L\u00f6rrach statt.<\/p>\n\n\n\n<div class=\"wp-block-group\"><div class=\"wp-block-group__inner-container is-layout-constrained wp-block-group-is-layout-constrained\">\n<h2 class=\"wp-block-heading\">Organisation und Voraussetzung<\/h2>\n<\/div><\/div>\n\n\n\n<p>Die \u00dcbungen finden immer 14-t\u00e4gig am Donnerstag von 19:00 bis 20:30 Uhr statt. (Ausnahme bilden lediglich die Schulferien- und Feiertage). Den n\u00e4chsten \u00dcbungsabend findest du auf unserer Webseite unter www.feuerwehr-binzen.de<\/p>\n\n\n\n<p>Mindestalter: 10 Jahre<\/p>\n\n\n\n<p><\/p>\n\n\n\n<p><\/p>\n\n\n\n<h2 class=\"wp-block-heading\">Warum Mitglied werden?<\/h2>\n\n\n\n<p>Bei uns in der Jugendfeuerwehr bieten wir dir ein abwechslungsreiches und zugleich spannendes Hobby mit einem altersdurchmischten Team an. Wir w\u00fcrden uns sehr freuen, wenn du dich bei uns meldest!<\/p>\n\n\n\n<h2 class=\"wp-block-heading\">Termine<\/h2>\n\n\n<div class=\"r34ics-ajax-container loading\" id=\"r69ee1aded2af8f8\" data-view=\"basic\" data-view-is-list-style=\"1\" data-view-is-list-long=\"1\" data-args=\"d5cca969f8099ec39a2d2bbd7d9579e634a1b1aa\" data-js-args=\"{&quot;debug&quot;:null}\">&nbsp;<\/div>\n","protected":false},"excerpt":{"rendered":"<p>\u00dcber uns: Die Jugendfeuerwehr Binzen wurde offiziell am 10.07.1991 durch die Initiative einiger Jugendlichen aus der Gemeinde, gemeinsam mit der Einsatzabteilung gegr\u00fcndet. Heutzutage gewinnen wir die meisten Einsatzkr\u00e4fte durch die \u00dcbernahme aus der eigenen Jugendfeuerwehr, weshalb die Jugendarbeit ein elementar wichtiger Baustein in der Feuerwehr ist. Unser Dienstplan ist bunt gemischt und deckt die Felder [&hellip;]<\/p>\n","protected":false},"author":35,"featured_media":0,"parent":10,"menu_order":0,"comment_status":"closed","ping_status":"closed","template":"","meta":{"footnotes":""},"class_list":["post-206","page","type-page","status-publish","hentry"],"_links":{"self":[{"href":"https:\/\/feuerwehr-binzen.de\/index.php?rest_route=\/wp\/v2\/pages\/206","targetHints":{"allow":["GET"]}}],"collection":[{"href":"https:\/\/feuerwehr-binzen.de\/index.php?rest_route=\/wp\/v2\/pages"}],"about":[{"href":"https:\/\/feuerwehr-binzen.de\/index.php?rest_route=\/wp\/v2\/types\/page"}],"author":[{"embeddable":true,"href":"https:\/\/feuerwehr-binzen.de\/index.php?rest_route=\/wp\/v2\/users\/35"}],"replies":[{"embeddable":true,"href":"https:\/\/feuerwehr-binzen.de\/index.php?rest_route=%2Fwp%2Fv2%2Fcomments&post=206"}],"version-history":[{"count":39,"href":"https:\/\/feuerwehr-binzen.de\/index.php?rest_route=\/wp\/v2\/pages\/206\/revisions"}],"predecessor-version":[{"id":989,"href":"https:\/\/feuerwehr-binzen.de\/index.php?rest_route=\/wp\/v2\/pages\/206\/revisions\/989"}],"up":[{"embeddable":true,"href":"https:\/\/feuerwehr-binzen.de\/index.php?rest_route=\/wp\/v2\/pages\/10"}],"wp:attachment":[{"href":"https:\/\/feuerwehr-binzen.de\/index.php?rest_route=%2Fwp%2Fv2%2Fmedia&parent=206"}],"curies":[{"name":"wp","href":"https:\/\/api.w.org\/{rel}","templated":true}]}}