{"id":6,"date":"2014-10-02T11:32:08","date_gmt":"2014-10-02T09:32:08","guid":{"rendered":"http:\/\/feuerwehr-binzen.de\/?page_id=6"},"modified":"2025-12-18T06:01:18","modified_gmt":"2025-12-18T05:01:18","slug":"aktuelles","status":"publish","type":"page","link":"https:\/\/feuerwehr-binzen.de\/","title":{"rendered":"Startseite"},"content":{"rendered":"<p>Willkommen auf der Web-Seite der Freiwilligen Feuerwehr Binzen (Landkreis L\u00f6rrach).<br \/>\nHier finden Sie generelle Informationen \u00fcber unsere Organisation.<\/p>\n<p>Wenn Sie sich f\u00fcr unsere Arbeit interessieren oder der Feuerwehr beitreten m\u00f6chten, w\u00fcrden wir uns freuen wenn Sie an einem unserer \u00dcbungs-Termine beim Ger\u00e4tehaus vorbeischauen w\u00fcrden. Die Termine k\u00f6nnen Sie dem Gemeindeblatt entnehmen. In der Regel befinden sich jeden <b>Mittwoch ab 20:00 Uhr<\/b> Kameraden im Ger\u00e4tehaus.<\/p>\n\n\n<h2 class=\"wp-block-heading\">N\u00e4chste Termine:<\/h2>\n\n\n<div class=\"r34ics-ajax-container loading\" id=\"r69dbf9f4494924e\" data-view=\"basic\" data-view-is-list-style=\"1\" data-view-is-list-long=\"1\" data-args=\"d70b448d97bfa430a7fd4b7d1793dc5b4f195838\" data-js-args=\"{&quot;debug&quot;:null}\">&nbsp;<\/div>\n","protected":false},"excerpt":{"rendered":"<p>Willkommen auf der Web-Seite der Freiwilligen Feuerwehr Binzen (Landkreis L\u00f6rrach). Hier finden Sie generelle Informationen \u00fcber unsere Organisation. Wenn Sie sich f\u00fcr unsere Arbeit interessieren oder der Feuerwehr beitreten m\u00f6chten, w\u00fcrden wir uns freuen wenn Sie an einem unserer \u00dcbungs-Termine beim Ger\u00e4tehaus vorbeischauen w\u00fcrden. Die Termine k\u00f6nnen Sie dem Gemeindeblatt entnehmen. In der Regel befinden [&hellip;]<\/p>\n","protected":false},"author":1,"featured_media":0,"parent":0,"menu_order":0,"comment_status":"closed","ping_status":"closed","template":"","meta":{"footnotes":""},"class_list":["post-6","page","type-page","status-publish","hentry"],"_links":{"self":[{"href":"https:\/\/feuerwehr-binzen.de\/index.php?rest_route=\/wp\/v2\/pages\/6","targetHints":{"allow":["GET"]}}],"collection":[{"href":"https:\/\/feuerwehr-binzen.de\/index.php?rest_route=\/wp\/v2\/pages"}],"about":[{"href":"https:\/\/feuerwehr-binzen.de\/index.php?rest_route=\/wp\/v2\/types\/page"}],"author":[{"embeddable":true,"href":"https:\/\/feuerwehr-binzen.de\/index.php?rest_route=\/wp\/v2\/users\/1"}],"replies":[{"embeddable":true,"href":"https:\/\/feuerwehr-binzen.de\/index.php?rest_route=%2Fwp%2Fv2%2Fcomments&post=6"}],"version-history":[{"count":27,"href":"https:\/\/feuerwehr-binzen.de\/index.php?rest_route=\/wp\/v2\/pages\/6\/revisions"}],"predecessor-version":[{"id":987,"href":"https:\/\/feuerwehr-binzen.de\/index.php?rest_route=\/wp\/v2\/pages\/6\/revisions\/987"}],"wp:attachment":[{"href":"https:\/\/feuerwehr-binzen.de\/index.php?rest_route=%2Fwp%2Fv2%2Fmedia&parent=6"}],"curies":[{"name":"wp","href":"https:\/\/api.w.org\/{rel}","templated":true}]}}