{"id":8,"date":"2014-10-02T11:32:54","date_gmt":"2014-10-02T09:32:54","guid":{"rendered":"http:\/\/feuerwehr-binzen.de\/?page_id=8"},"modified":"2014-10-02T19:38:09","modified_gmt":"2014-10-02T17:38:09","slug":"einsaetze","status":"publish","type":"page","link":"https:\/\/feuerwehr-binzen.de\/?page_id=8","title":{"rendered":"Eins\u00e4tze"},"content":{"rendered":"<p>Hier finden Sie eine \u00dcbersicht unserer Eins\u00e4tze.<\/p>\n","protected":false},"excerpt":{"rendered":"<p>Hier finden Sie eine \u00dcbersicht unserer Eins\u00e4tze.<\/p>\n","protected":false},"author":1,"featured_media":0,"parent":0,"menu_order":1,"comment_status":"closed","ping_status":"closed","template":"page-einsatz.php","meta":{"footnotes":""},"class_list":["post-8","page","type-page","status-publish","hentry"],"_links":{"self":[{"href":"https:\/\/feuerwehr-binzen.de\/index.php?rest_route=\/wp\/v2\/pages\/8","targetHints":{"allow":["GET"]}}],"collection":[{"href":"https:\/\/feuerwehr-binzen.de\/index.php?rest_route=\/wp\/v2\/pages"}],"about":[{"href":"https:\/\/feuerwehr-binzen.de\/index.php?rest_route=\/wp\/v2\/types\/page"}],"author":[{"embeddable":true,"href":"https:\/\/feuerwehr-binzen.de\/index.php?rest_route=\/wp\/v2\/users\/1"}],"replies":[{"embeddable":true,"href":"https:\/\/feuerwehr-binzen.de\/index.php?rest_route=%2Fwp%2Fv2%2Fcomments&post=8"}],"version-history":[{"count":1,"href":"https:\/\/feuerwehr-binzen.de\/index.php?rest_route=\/wp\/v2\/pages\/8\/revisions"}],"predecessor-version":[{"id":9,"href":"https:\/\/feuerwehr-binzen.de\/index.php?rest_route=\/wp\/v2\/pages\/8\/revisions\/9"}],"wp:attachment":[{"href":"https:\/\/feuerwehr-binzen.de\/index.php?rest_route=%2Fwp%2Fv2%2Fmedia&parent=8"}],"curies":[{"name":"wp","href":"https:\/\/api.w.org\/{rel}","templated":true}]}}